{"id":127,"date":"2018-08-07T12:44:03","date_gmt":"2018-08-07T12:44:03","guid":{"rendered":"https:\/\/new.edelstahl-boesche.de\/?page_id=127"},"modified":"2018-08-07T14:49:54","modified_gmt":"2018-08-07T14:49:54","slug":"edelstahl","status":"publish","type":"page","link":"https:\/\/www.edelstahl-boesche.de\/?page_id=127","title":{"rendered":"Edelstahl"},"content":{"rendered":"\t\t<div data-elementor-type=\"wp-post\" data-elementor-id=\"127\" class=\"elementor elementor-127 elementor-bc-flex-widget\" data-elementor-post-type=\"page\">\n\t\t\t\t\t\t<section class=\"elementor-section elementor-top-section elementor-element elementor-element-4c09f1e elementor-section-boxed elementor-section-height-default elementor-section-height-default\" data-id=\"4c09f1e\" data-element_type=\"section\" data-e-type=\"section\">\n\t\t\t\t\t\t<div class=\"elementor-container elementor-column-gap-default\">\n\t\t\t\t\t<div class=\"elementor-column elementor-col-100 elementor-top-column elementor-element elementor-element-436f327\" data-id=\"436f327\" data-element_type=\"column\" data-e-type=\"column\">\n\t\t\t<div class=\"elementor-widget-wrap elementor-element-populated\">\n\t\t\t\t\t\t<div class=\"elementor-element elementor-element-b1cc4c9 elementor-widget elementor-widget-heading\" data-id=\"b1cc4c9\" data-element_type=\"widget\" data-e-type=\"widget\" data-widget_type=\"heading.default\">\n\t\t\t\t<div class=\"elementor-widget-container\">\n\t\t\t\t\t<h2 class=\"elementor-heading-title elementor-size-default\">Werkstoff Edelstahl<\/h2>\t\t\t\t<\/div>\n\t\t\t\t<\/div>\n\t\t\t\t<div class=\"elementor-element elementor-element-cb00bec elementor-widget elementor-widget-text-editor\" data-id=\"cb00bec\" data-element_type=\"widget\" data-e-type=\"widget\" data-widget_type=\"text-editor.default\">\n\t\t\t\t<div class=\"elementor-widget-container\">\n\t\t\t\t\t\t\t\t\t<div class=\"content\"><div class=\"field field-name-body field-type-text-with-summary field-label-hidden\"><div class=\"field-items\"><div class=\"field-item even\"><p><strong>Rostfreier Edelstahl &#8211; der Werkstoff der Zukunft!<\/strong><\/p><p>Millionen von Tonnen Stahl werden Jahr f\u00fcr Jahr durch Korrosion zerst\u00f6rt. Stahl rostet, keine Frage, schon seit 3000 Jahren lebt der Mensch mit diesem \u201eNaturereignis\u201c. Erst 1912 gelang einem findigen Metallurgen, den wohl vielseitigen und h\u00f6chst belastbaren Werkstoff Stahl rostfrei (1.4301) und damit unbegrenzt haltbar zu machen.<\/p><p>Gerade angesichts der vielf\u00e4ltigen Beanspruchungen lohnt es sich, Edelstahl mit \u00f6konomischen Augen zu sehen, als einen Werkstoff, der sich durch lange Lebensdauer und minimale Unterhaltskosten bezahlt macht.<\/p><p>Schon lange vor der Jahrhundertwende hatte man entdeckt, dass sich durch Zugabe von Nickel und Chrom das Korrosionsverhalten von Stahl verbessern l\u00e4sst. Doch die einzelnen, mit diesen Elementen angereicherten St\u00e4hle lie\u00dfen noch viele W\u00fcnsche offen.<\/p><p>Rostfreier Edelstahl ist ein &#8211; gerade in den letzten Jahren &#8211; zunehmend beliebter Werkstoff. Hinter den gebr\u00e4uchlichen Bezeichnungen wie V2A und V4A steht eine Materialgruppe, die neben hohen Anforderungen an die Korrosionsbest\u00e4ndigkeit auch hygienischen und vor allem \u00e4sthetischen Kriterien gerecht wird. Um die unumstrittenen Vorteile uneingeschr\u00e4nkt nutzen zu k\u00f6nnen, sind die Verarbeitungstechniken der materialtypischen Besonderheiten des Werkstoffs anzupassen.<\/p><\/div><\/div><\/div><\/div>\t\t\t\t\t\t\t\t<\/div>\n\t\t\t\t<\/div>\n\t\t\t\t\t<\/div>\n\t\t<\/div>\n\t\t\t\t\t<\/div>\n\t\t<\/section>\n\t\t\t\t<\/div>\n\t\t","protected":false},"excerpt":{"rendered":"<p>Werkstoff Edelstahl Rostfreier Edelstahl &#8211; der Werkstoff der Zukunft! Millionen von Tonnen Stahl werden Jahr f\u00fcr Jahr durch Korrosion zerst\u00f6rt. Stahl rostet, keine Frage, schon seit 3000 Jahren lebt der Mensch mit diesem \u201eNaturereignis\u201c. Erst 1912 gelang einem findigen Metallurgen, den wohl vielseitigen und h\u00f6chst belastbaren Werkstoff Stahl rostfrei (1.4301) und damit unbegrenzt haltbar zu [&hellip;]<\/p>\n","protected":false},"author":3,"featured_media":0,"parent":47,"menu_order":0,"comment_status":"closed","ping_status":"closed","template":"elementor_header_footer","meta":{"footnotes":""},"class_list":["post-127","page","type-page","status-publish","hentry"],"_links":{"self":[{"href":"https:\/\/www.edelstahl-boesche.de\/index.php?rest_route=\/wp\/v2\/pages\/127","targetHints":{"allow":["GET"]}}],"collection":[{"href":"https:\/\/www.edelstahl-boesche.de\/index.php?rest_route=\/wp\/v2\/pages"}],"about":[{"href":"https:\/\/www.edelstahl-boesche.de\/index.php?rest_route=\/wp\/v2\/types\/page"}],"author":[{"embeddable":true,"href":"https:\/\/www.edelstahl-boesche.de\/index.php?rest_route=\/wp\/v2\/users\/3"}],"replies":[{"embeddable":true,"href":"https:\/\/www.edelstahl-boesche.de\/index.php?rest_route=%2Fwp%2Fv2%2Fcomments&post=127"}],"version-history":[{"count":5,"href":"https:\/\/www.edelstahl-boesche.de\/index.php?rest_route=\/wp\/v2\/pages\/127\/revisions"}],"predecessor-version":[{"id":212,"href":"https:\/\/www.edelstahl-boesche.de\/index.php?rest_route=\/wp\/v2\/pages\/127\/revisions\/212"}],"up":[{"embeddable":true,"href":"https:\/\/www.edelstahl-boesche.de\/index.php?rest_route=\/wp\/v2\/pages\/47"}],"wp:attachment":[{"href":"https:\/\/www.edelstahl-boesche.de\/index.php?rest_route=%2Fwp%2Fv2%2Fmedia&parent=127"}],"curies":[{"name":"wp","href":"https:\/\/api.w.org\/{rel}","templated":true}]}}