{"id":129,"date":"2018-08-07T12:44:38","date_gmt":"2018-08-07T12:44:38","guid":{"rendered":"https:\/\/new.edelstahl-boesche.de\/?page_id=129"},"modified":"2018-08-07T13:37:35","modified_gmt":"2018-08-07T13:37:35","slug":"planung-ihres-projektes","status":"publish","type":"page","link":"https:\/\/www.edelstahl-boesche.de\/?page_id=129","title":{"rendered":"Planung Ihres Projektes"},"content":{"rendered":"\t\t<div data-elementor-type=\"wp-post\" data-elementor-id=\"129\" class=\"elementor elementor-129 elementor-bc-flex-widget\" data-elementor-post-type=\"page\">\n\t\t\t\t\t\t<section class=\"elementor-section elementor-top-section elementor-element elementor-element-4027fdb elementor-section-boxed elementor-section-height-default elementor-section-height-default\" data-id=\"4027fdb\" data-element_type=\"section\" data-e-type=\"section\">\n\t\t\t\t\t\t<div class=\"elementor-container elementor-column-gap-default\">\n\t\t\t\t\t<div class=\"elementor-column elementor-col-100 elementor-top-column elementor-element elementor-element-e60a194\" data-id=\"e60a194\" data-element_type=\"column\" data-e-type=\"column\">\n\t\t\t<div class=\"elementor-widget-wrap elementor-element-populated\">\n\t\t\t\t\t\t<div class=\"elementor-element elementor-element-82a21aa elementor-widget elementor-widget-heading\" data-id=\"82a21aa\" data-element_type=\"widget\" data-e-type=\"widget\" data-widget_type=\"heading.default\">\n\t\t\t\t<div class=\"elementor-widget-container\">\n\t\t\t\t\t<h2 class=\"elementor-heading-title elementor-size-default\">Planung Ihres Projektes<\/h2>\t\t\t\t<\/div>\n\t\t\t\t<\/div>\n\t\t\t\t<div class=\"elementor-element elementor-element-d81681f elementor-widget elementor-widget-text-editor\" data-id=\"d81681f\" data-element_type=\"widget\" data-e-type=\"widget\" data-widget_type=\"text-editor.default\">\n\t\t\t\t<div class=\"elementor-widget-container\">\n\t\t\t\t\t\t\t\t\tWir beraten und begleiten Sie mit Ihrem Projekt vom Entwurf bis zur Fertigstellung. Wir\u00a0legen Wert auf kompetente Umsetzung Ihrer Idee. Unsere\u00a0Referenzen\u00a0und die Zufriedenheit unserer Kunden sprechen f\u00fcr uns. Gerne erstellen wir Ihnen ein unverbindliches Angebot, das auf Ihre Anspr\u00fcche und Vorstellungen abgestimmt ist.\n<br><br>Unsere langj\u00e4hrige Erfahrung gibt Ihnen die Sicherheit, dass Planung und Umsetzung Hand in Hand verlaufen. Das beruhigt und er\u00f6ffnet Ihnen Freir\u00e4ume, \u00fcber noch anspruchsvollere Herausforderungen f\u00fcr uns nachzudenken.<br><br>\n\n<strong>Gerne beraten wir Sie individuell und fachkompetent. <br><br>Wir freuen uns auf Sie!<\/strong>\t\t\t\t\t\t\t\t<\/div>\n\t\t\t\t<\/div>\n\t\t\t\t\t<\/div>\n\t\t<\/div>\n\t\t\t\t\t<\/div>\n\t\t<\/section>\n\t\t\t\t<section class=\"elementor-section elementor-top-section elementor-element elementor-element-79b29ce elementor-section-boxed elementor-section-height-default elementor-section-height-default\" data-id=\"79b29ce\" data-element_type=\"section\" data-e-type=\"section\">\n\t\t\t\t\t\t<div class=\"elementor-container elementor-column-gap-default\">\n\t\t\t\t\t<div class=\"elementor-column elementor-col-100 elementor-top-column elementor-element elementor-element-da23be5\" data-id=\"da23be5\" data-element_type=\"column\" data-e-type=\"column\">\n\t\t\t<div class=\"elementor-widget-wrap elementor-element-populated\">\n\t\t\t\t\t\t<div class=\"elementor-element elementor-element-ff55a72 elementor-button-info elementor-align-center elementor-widget elementor-widget-button\" data-id=\"ff55a72\" data-element_type=\"widget\" data-e-type=\"widget\" data-widget_type=\"button.default\">\n\t\t\t\t<div class=\"elementor-widget-container\">\n\t\t\t\t\t\t\t\t\t<div class=\"elementor-button-wrapper\">\n\t\t\t\t\t<a class=\"elementor-button elementor-button-link elementor-size-md\" href=\"https:\/\/new.edelstahl-boesche.de\/?page_id=51\">\n\t\t\t\t\t\t<span class=\"elementor-button-content-wrapper\">\n\t\t\t\t\t\t\t\t\t<span class=\"elementor-button-text\">Angebot anfordern<\/span>\n\t\t\t\t\t<\/span>\n\t\t\t\t\t<\/a>\n\t\t\t\t<\/div>\n\t\t\t\t\t\t\t\t<\/div>\n\t\t\t\t<\/div>\n\t\t\t\t\t<\/div>\n\t\t<\/div>\n\t\t\t\t\t<\/div>\n\t\t<\/section>\n\t\t\t\t<\/div>\n\t\t","protected":false},"excerpt":{"rendered":"<p>Planung Ihres Projektes Wir beraten und begleiten Sie mit Ihrem Projekt vom Entwurf bis zur Fertigstellung. Wir\u00a0legen Wert auf kompetente Umsetzung Ihrer Idee. Unsere\u00a0Referenzen\u00a0und die Zufriedenheit unserer Kunden sprechen f\u00fcr uns. Gerne erstellen wir Ihnen ein unverbindliches Angebot, das auf Ihre Anspr\u00fcche und Vorstellungen abgestimmt ist. Unsere langj\u00e4hrige Erfahrung gibt Ihnen die Sicherheit, dass Planung [&hellip;]<\/p>\n","protected":false},"author":3,"featured_media":0,"parent":47,"menu_order":0,"comment_status":"closed","ping_status":"closed","template":"elementor_header_footer","meta":{"footnotes":""},"class_list":["post-129","page","type-page","status-publish","hentry"],"_links":{"self":[{"href":"https:\/\/www.edelstahl-boesche.de\/index.php?rest_route=\/wp\/v2\/pages\/129","targetHints":{"allow":["GET"]}}],"collection":[{"href":"https:\/\/www.edelstahl-boesche.de\/index.php?rest_route=\/wp\/v2\/pages"}],"about":[{"href":"https:\/\/www.edelstahl-boesche.de\/index.php?rest_route=\/wp\/v2\/types\/page"}],"author":[{"embeddable":true,"href":"https:\/\/www.edelstahl-boesche.de\/index.php?rest_route=\/wp\/v2\/users\/3"}],"replies":[{"embeddable":true,"href":"https:\/\/www.edelstahl-boesche.de\/index.php?rest_route=%2Fwp%2Fv2%2Fcomments&post=129"}],"version-history":[{"count":4,"href":"https:\/\/www.edelstahl-boesche.de\/index.php?rest_route=\/wp\/v2\/pages\/129\/revisions"}],"predecessor-version":[{"id":168,"href":"https:\/\/www.edelstahl-boesche.de\/index.php?rest_route=\/wp\/v2\/pages\/129\/revisions\/168"}],"up":[{"embeddable":true,"href":"https:\/\/www.edelstahl-boesche.de\/index.php?rest_route=\/wp\/v2\/pages\/47"}],"wp:attachment":[{"href":"https:\/\/www.edelstahl-boesche.de\/index.php?rest_route=%2Fwp%2Fv2%2Fmedia&parent=129"}],"curies":[{"name":"wp","href":"https:\/\/api.w.org\/{rel}","templated":true}]}}