{"id":131,"date":"2018-08-07T12:45:03","date_gmt":"2018-08-07T12:45:03","guid":{"rendered":"https:\/\/new.edelstahl-boesche.de\/?page_id=131"},"modified":"2018-08-07T13:40:39","modified_gmt":"2018-08-07T13:40:39","slug":"edelstahl-pflegehinweise","status":"publish","type":"page","link":"https:\/\/www.edelstahl-boesche.de\/?page_id=131","title":{"rendered":"Edelstahl Pflegehinweise"},"content":{"rendered":"\t\t<div data-elementor-type=\"wp-post\" data-elementor-id=\"131\" class=\"elementor elementor-131 elementor-bc-flex-widget\" data-elementor-post-type=\"page\">\n\t\t\t\t\t\t<section class=\"elementor-section elementor-top-section elementor-element elementor-element-71c6c0c elementor-section-boxed elementor-section-height-default elementor-section-height-default\" data-id=\"71c6c0c\" data-element_type=\"section\" data-e-type=\"section\">\n\t\t\t\t\t\t<div class=\"elementor-container elementor-column-gap-default\">\n\t\t\t\t\t<div class=\"elementor-column elementor-col-100 elementor-top-column elementor-element elementor-element-e2aa9ef\" data-id=\"e2aa9ef\" data-element_type=\"column\" data-e-type=\"column\">\n\t\t\t<div class=\"elementor-widget-wrap elementor-element-populated\">\n\t\t\t\t\t\t<div class=\"elementor-element elementor-element-af1f137 elementor-widget elementor-widget-heading\" data-id=\"af1f137\" data-element_type=\"widget\" data-e-type=\"widget\" data-widget_type=\"heading.default\">\n\t\t\t\t<div class=\"elementor-widget-container\">\n\t\t\t\t\t<h2 class=\"elementor-heading-title elementor-size-default\">Edelstahl Pflegehinweise<\/h2>\t\t\t\t<\/div>\n\t\t\t\t<\/div>\n\t\t\t\t\t<\/div>\n\t\t<\/div>\n\t\t\t\t\t<\/div>\n\t\t<\/section>\n\t\t\t\t<section class=\"elementor-section elementor-top-section elementor-element elementor-element-3703141 elementor-section-boxed elementor-section-height-default elementor-section-height-default\" data-id=\"3703141\" data-element_type=\"section\" data-e-type=\"section\">\n\t\t\t\t\t\t<div class=\"elementor-container elementor-column-gap-default\">\n\t\t\t\t\t<div class=\"elementor-column elementor-col-100 elementor-top-column elementor-element elementor-element-240123b\" data-id=\"240123b\" data-element_type=\"column\" data-e-type=\"column\">\n\t\t\t<div class=\"elementor-widget-wrap elementor-element-populated\">\n\t\t\t\t\t\t<div class=\"elementor-element elementor-element-6ec3b2f elementor-widget elementor-widget-text-editor\" data-id=\"6ec3b2f\" data-element_type=\"widget\" data-e-type=\"widget\" data-widget_type=\"text-editor.default\">\n\t\t\t\t<div class=\"elementor-widget-container\">\n\t\t\t\t\t\t\t\t\t<p><strong>Hier einige Pflegehinweise und Reinigungstipps, damit Sie lange Freude an Ihren Objekten haben:<\/strong><\/p><p><strong>Erstreinigung<\/strong><\/p><p>Durch Lagerung Transport oder Bau- bzw. Montager\u00fcckst\u00e4nde muss nach dem Einbau eine Erstreinigung durchgef\u00fchrt werden, damit die dadurch eventuell entstandenen Verschmutzungen entfernt bzw. beseitigt werden. S\u00e4mtliche Schutzschichten\u00a0aus Papier, Folien und Abziehlack sowie R\u00fcckst\u00e4nde von Haftklebern m\u00fcssen nach Aufbau bzw. Montage vollst\u00e4ndig entfernt werden,\u00a0da sie zur Korrosion f\u00fchren k\u00f6nnen. Hierzu eignen sich abrasiv wirkende Reinigungsmittel, diese enthalten weiche Polierk\u00f6rner oder aber auch saure Reinigungsmittel. Wichtig ist bei sauren Reinigungsmitteln, dass diese auf jeden Fall frei von Salzs\u00e4ure sind, da diese zu Verf\u00e4rbungen oder gar zu Lochkorrosion f\u00fchren k\u00f6nnen. Nach Anweisung der Hersteller erfolgt die Reinigung in der Regel mit einem weichen Tuch, wobei der Reiniger gleichm\u00e4\u00dfig auf der Oberfl\u00e4che verteilt wird.\u00a0Mit zum Beispiel Kunststoffvlies werden hartn\u00e4ckige Verschmutzungen intensiv bearbeitet. Anschlie\u00dfend werden Reinigungsr\u00fcckst\u00e4nde mit klarem Wasser abgesp\u00fclt (abgewaschen) und mit fusselfreien T\u00fcchern\u00a0abgetrocknet. Farbspritzer werden mit geeignetem organischen L\u00f6semitteln bzw.\u00a0L\u00f6semittelreinigern entfernt. Mit einem Gummischaber o. \u00e4. sollten Kalk- oder Zementm\u00f6rtelspritzer vor dem erh\u00e4rten abgeschabt werden.\u00a0<\/p><p><strong>Achtung:<\/strong>\u00a0Niemals d\u00fcrfen Sie Werkzeuge aus normalem Stahl (Spachtel, Stahlwolle) verwendet werden, dies kann zu Fremdrost f\u00fchren! Letzte Reste von Kalk und Zement werden mit einem sauren Reiniger entfernt, dieser muss allerdings salzs\u00e4urefrei sein.<\/p>\t\t\t\t\t\t\t\t<\/div>\n\t\t\t\t<\/div>\n\t\t\t\t\t<\/div>\n\t\t<\/div>\n\t\t\t\t\t<\/div>\n\t\t<\/section>\n\t\t\t\t<\/div>\n\t\t","protected":false},"excerpt":{"rendered":"<p>Edelstahl Pflegehinweise Hier einige Pflegehinweise und Reinigungstipps, damit Sie lange Freude an Ihren Objekten haben: Erstreinigung Durch Lagerung Transport oder Bau- bzw. Montager\u00fcckst\u00e4nde muss nach dem Einbau eine Erstreinigung durchgef\u00fchrt werden, damit die dadurch eventuell entstandenen Verschmutzungen entfernt bzw. beseitigt werden. S\u00e4mtliche Schutzschichten\u00a0aus Papier, Folien und Abziehlack sowie R\u00fcckst\u00e4nde von Haftklebern m\u00fcssen nach Aufbau bzw. [&hellip;]<\/p>\n","protected":false},"author":3,"featured_media":0,"parent":47,"menu_order":0,"comment_status":"closed","ping_status":"closed","template":"elementor_header_footer","meta":{"footnotes":""},"class_list":["post-131","page","type-page","status-publish","hentry"],"_links":{"self":[{"href":"https:\/\/www.edelstahl-boesche.de\/index.php?rest_route=\/wp\/v2\/pages\/131","targetHints":{"allow":["GET"]}}],"collection":[{"href":"https:\/\/www.edelstahl-boesche.de\/index.php?rest_route=\/wp\/v2\/pages"}],"about":[{"href":"https:\/\/www.edelstahl-boesche.de\/index.php?rest_route=\/wp\/v2\/types\/page"}],"author":[{"embeddable":true,"href":"https:\/\/www.edelstahl-boesche.de\/index.php?rest_route=\/wp\/v2\/users\/3"}],"replies":[{"embeddable":true,"href":"https:\/\/www.edelstahl-boesche.de\/index.php?rest_route=%2Fwp%2Fv2%2Fcomments&post=131"}],"version-history":[{"count":2,"href":"https:\/\/www.edelstahl-boesche.de\/index.php?rest_route=\/wp\/v2\/pages\/131\/revisions"}],"predecessor-version":[{"id":171,"href":"https:\/\/www.edelstahl-boesche.de\/index.php?rest_route=\/wp\/v2\/pages\/131\/revisions\/171"}],"up":[{"embeddable":true,"href":"https:\/\/www.edelstahl-boesche.de\/index.php?rest_route=\/wp\/v2\/pages\/47"}],"wp:attachment":[{"href":"https:\/\/www.edelstahl-boesche.de\/index.php?rest_route=%2Fwp%2Fv2%2Fmedia&parent=131"}],"curies":[{"name":"wp","href":"https:\/\/api.w.org\/{rel}","templated":true}]}}