{"id":197,"date":"2018-08-07T14:39:37","date_gmt":"2018-08-07T14:39:37","guid":{"rendered":"https:\/\/new.edelstahl-boesche.de\/?page_id=197"},"modified":"2018-08-07T14:43:01","modified_gmt":"2018-08-07T14:43:01","slug":"firmenprofil","status":"publish","type":"page","link":"https:\/\/www.edelstahl-boesche.de\/?page_id=197","title":{"rendered":"Firmenprofil"},"content":{"rendered":"\t\t<div data-elementor-type=\"wp-post\" data-elementor-id=\"197\" class=\"elementor elementor-197 elementor-bc-flex-widget\" data-elementor-post-type=\"page\">\n\t\t\t\t\t\t<section class=\"elementor-section elementor-top-section elementor-element elementor-element-3b1d920 elementor-section-boxed elementor-section-height-default elementor-section-height-default\" data-id=\"3b1d920\" data-element_type=\"section\" data-e-type=\"section\">\n\t\t\t\t\t\t<div class=\"elementor-container elementor-column-gap-default\">\n\t\t\t\t\t<div class=\"elementor-column elementor-col-100 elementor-top-column elementor-element elementor-element-3b55e5e\" data-id=\"3b55e5e\" data-element_type=\"column\" data-e-type=\"column\">\n\t\t\t<div class=\"elementor-widget-wrap elementor-element-populated\">\n\t\t\t\t\t\t<div class=\"elementor-element elementor-element-4609c65 elementor-widget elementor-widget-heading\" data-id=\"4609c65\" data-element_type=\"widget\" data-e-type=\"widget\" data-widget_type=\"heading.default\">\n\t\t\t\t<div class=\"elementor-widget-container\">\n\t\t\t\t\t<h2 class=\"elementor-heading-title elementor-size-default\">Firmenprofil<\/h2>\t\t\t\t<\/div>\n\t\t\t\t<\/div>\n\t\t\t\t<div class=\"elementor-element elementor-element-3350b91 elementor-widget elementor-widget-text-editor\" data-id=\"3350b91\" data-element_type=\"widget\" data-e-type=\"widget\" data-widget_type=\"text-editor.default\">\n\t\t\t\t<div class=\"elementor-widget-container\">\n\t\t\t\t\t\t\t\t\t<p><strong>Willkommen bei Edelstahl B\u00f6sche in Castrop-Rauxel!<\/strong><\/p><p>Der Spezialfachbetrieb besteht seit 1995 und wurde im Jahre 2000 erheblich erweitert.<\/p><p>Wir besch\u00e4ftigen z.Zt. 14 technische Mitarbeiter, davon 5 Auszubildende, sowie zwei B\u00fcrokr\u00e4fte, um einen reibungslosen Ablauf aller uns \u00fcbertragenen Aufgaben in jedem Fall sicher zu stellen.<\/p><p>Unser oberstes Ziel ist es, die W\u00fcnsche unserer Kunden durch h\u00f6chste Qualit\u00e4t und Zuverl\u00e4ssigkeit voll und ganz zu erf\u00fcllen. Dies erreichen wir durch eine breit gef\u00e4cherte Leistungspallete in den Bereichen Herstellung und Montage.<\/p><p>Unser Leistungsspektrum erstreckt sich dabei nicht nur auf Metallkonstruktion im privaten Be-reich. Vom Edelstahlgel\u00e4nder an Ihrem Balkon bis hin zu Hochdruckbeh\u00e4ltern im Kraftwerks-bau sind wir kompetenter Ansprechpartner.<\/p><p>Unser Betrieb besitzt den kleinen Eignungsnachweis nach DIN 18800-7 f\u00fcr das Schwei\u00dfen von Balkonkonstruktionen. Dar\u00fcber hinaus sind unsere Schwei\u00dfer gepr\u00fcft nach DIN EN 287-1 (in Stahl und Edelstahl) und wir sind gepr\u00fcfter Schwei\u00dffachbetrieb nach DIN EN ISO 3834-3 (EN 729-3) f\u00fcr Druckbeh\u00e4lter, Rohrleitungen und Metallkonstruktionen. Mehr \u00fcber unsere umfangreichen Zertifizierungen finden Sie auf der Seite\u00a0<a href=\"http:\/\/www.edelstahl-boesche.de\/frames\/zertifikate.htm\" target=\"_parent\">Zertifikate<\/a>.<\/p><p>Edel wie das Material sind auch unsere Produkte. Ein Edelstahlgel\u00e4nder kann ebenso form-sch\u00f6n gestaltet werden wie eine Balkonanlage. Unter\u00a0<a href=\"http:\/\/www.edelstahl-boesche.de\/frames\/leistungen.htm\" target=\"_parent\">Leistungen<\/a>\u00a0finden Sie einige Beispiele f\u00fcr Projekte die wir f\u00fcr Kunden realisiert haben.<\/p>\t\t\t\t\t\t\t\t<\/div>\n\t\t\t\t<\/div>\n\t\t\t\t\t<\/div>\n\t\t<\/div>\n\t\t\t\t\t<\/div>\n\t\t<\/section>\n\t\t\t\t<\/div>\n\t\t","protected":false},"excerpt":{"rendered":"<p>Firmenprofil Willkommen bei Edelstahl B\u00f6sche in Castrop-Rauxel! Der Spezialfachbetrieb besteht seit 1995 und wurde im Jahre 2000 erheblich erweitert. Wir besch\u00e4ftigen z.Zt. 14 technische Mitarbeiter, davon 5 Auszubildende, sowie zwei B\u00fcrokr\u00e4fte, um einen reibungslosen Ablauf aller uns \u00fcbertragenen Aufgaben in jedem Fall sicher zu stellen. Unser oberstes Ziel ist es, die W\u00fcnsche unserer Kunden durch [&hellip;]<\/p>\n","protected":false},"author":3,"featured_media":0,"parent":0,"menu_order":0,"comment_status":"closed","ping_status":"closed","template":"elementor_header_footer","meta":{"footnotes":""},"class_list":["post-197","page","type-page","status-publish","hentry"],"_links":{"self":[{"href":"https:\/\/www.edelstahl-boesche.de\/index.php?rest_route=\/wp\/v2\/pages\/197","targetHints":{"allow":["GET"]}}],"collection":[{"href":"https:\/\/www.edelstahl-boesche.de\/index.php?rest_route=\/wp\/v2\/pages"}],"about":[{"href":"https:\/\/www.edelstahl-boesche.de\/index.php?rest_route=\/wp\/v2\/types\/page"}],"author":[{"embeddable":true,"href":"https:\/\/www.edelstahl-boesche.de\/index.php?rest_route=\/wp\/v2\/users\/3"}],"replies":[{"embeddable":true,"href":"https:\/\/www.edelstahl-boesche.de\/index.php?rest_route=%2Fwp%2Fv2%2Fcomments&post=197"}],"version-history":[{"count":2,"href":"https:\/\/www.edelstahl-boesche.de\/index.php?rest_route=\/wp\/v2\/pages\/197\/revisions"}],"predecessor-version":[{"id":203,"href":"https:\/\/www.edelstahl-boesche.de\/index.php?rest_route=\/wp\/v2\/pages\/197\/revisions\/203"}],"wp:attachment":[{"href":"https:\/\/www.edelstahl-boesche.de\/index.php?rest_route=%2Fwp%2Fv2%2Fmedia&parent=197"}],"curies":[{"name":"wp","href":"https:\/\/api.w.org\/{rel}","templated":true}]}}